{"id":143,"date":"2025-10-01T14:58:01","date_gmt":"2025-10-01T12:58:01","guid":{"rendered":"http:\/\/thoman.clients.bluedom.ch\/?post_type=product&#038;p=143"},"modified":"2026-03-09T13:38:35","modified_gmt":"2026-03-09T12:38:35","slug":"profilbiegemaschinen-rb3-l","status":"publish","type":"product","link":"https:\/\/thoman.clients.bluedom.ch\/es\/product\/profilbiegemaschinen-rb3-l\/","title":{"rendered":"Profilbiegemaschinen RB3\u2013L"},"content":{"rendered":"\n<div class=\"heading-block page-section  \" style=\"background-color: #FFFFFF\">\n  <div class=\"container\">\n    <div class=\"heading-block__i\">\n            <div class=\"heading-block__text fullwidth\" data-aos=\"animFadeInLeft\">\n        <div class=\"label h3\">Kompakt und pr\u00e4zise <\/div>        <h1 style=\"color: #BE0015\">Profilbiegemaschine Typ RB3-L<\/h1>      <\/div>\n    <\/div>\n  <\/div>\n<\/div>\n\n\n  <div class=\"page-section main-banner main-banner--image \">\n    <div class=\"container container--fullwidth\">\n      <div class=\"main-banner__image\">\n        <img loading=\"lazy\" decoding=\"async\" width=\"2560\" height=\"1440\" src=\"https:\/\/thoman.clients.bluedom.ch\/wp-content\/uploads\/2025\/10\/Glasleiste_sw_header-scaled.jpg\" class=\"attachment-full size-full\" alt=\"\" srcset=\"https:\/\/thoman.clients.bluedom.ch\/wp-content\/uploads\/2025\/10\/Glasleiste_sw_header-scaled.jpg 2560w, https:\/\/thoman.clients.bluedom.ch\/wp-content\/uploads\/2025\/10\/Glasleiste_sw_header-300x169.jpg 300w, https:\/\/thoman.clients.bluedom.ch\/wp-content\/uploads\/2025\/10\/Glasleiste_sw_header-1024x576.jpg 1024w, https:\/\/thoman.clients.bluedom.ch\/wp-content\/uploads\/2025\/10\/Glasleiste_sw_header-768x432.jpg 768w, https:\/\/thoman.clients.bluedom.ch\/wp-content\/uploads\/2025\/10\/Glasleiste_sw_header-1536x864.jpg 1536w, https:\/\/thoman.clients.bluedom.ch\/wp-content\/uploads\/2025\/10\/Glasleiste_sw_header-2048x1152.jpg 2048w\" sizes=\"auto, (max-width: 2560px) 100vw, 2560px\" \/>      <\/div>\n          <\/div>\n  <\/div>\n\n\n\n<div class=\"image-article-section page-section section-padding style-1  \">\n  <div class=\"container container--wide\">\n    <article class=\"image-article image-left\">\n              <div class=\"image-article__image overflow-cover bg-position-center-center\"\n          data-aos=\"animFadeInRight\">\n          <img loading=\"lazy\" decoding=\"async\" width=\"609\" height=\"340\" src=\"https:\/\/thoman.clients.bluedom.ch\/wp-content\/uploads\/2025\/08\/RB3-L-scaled.webp\" class=\"attachment-full size-full\" alt=\"\" \/>        <\/div>\n            <div class=\"image-article__content overflow-cover\" data-aos=\"animFadeInLeft\">\n        <div class=\"label\">Kompakt und pr\u00e4zise  <\/div>        <h3 class=\"title\">Profilbiegemaschine RB3-L<\/h3>        <div class=\"text\"><p>Die RB3-L bietet hohe Biegeleistung bei kompakten Abmessungen. Die drei einzeln und hydraulisch angetriebenen Walzrollen gew\u00e4hrleisten eine hohe Biegeleistung. Schon im ersten Walzdurchgang k\u00f6nnen sehr kleine Biegeradien erreicht werden.<\/p>\n<p>Es k\u00f6nnen glatte Walzen (ohne Riffelung) oder Walzrollen aus Kunststoff eingesetzt werden. Durch den variablen Achsabstand kann die Profilbiegemaschine optimal f\u00fcr das jeweils zu biegende Profil eingestellt werden. Zu hohe Presskr\u00e4fte am Profil werden vermieden und es wird eine optimale Biegequalit\u00e4t erreicht.<\/p>\n<\/div>\n        <div class=\"cta cta--multiple\">              <a class=\"btn-link\"\n                href=\"https:\/\/thoman.clients.bluedom.ch\/steuerung-software\/steuerungen-fuer-profilbiegemaschinen\/\"\n                target=\"_self\"\n                data-micromodal-trigger=\"\">\n                Steuerungen              <\/a>\n                      <a class=\"btn-link\"\n                href=\"https:\/\/thoman.clients.bluedom.ch\/maschinen\/optionen-fuer-profilbiegemaschinen\/\"\n                target=\"_self\"\n                data-micromodal-trigger=\"\">\n                Optionen              <\/a>\n        <\/div>      <\/div>\n    <\/article>\n  <\/div>\n<\/div>\n\n\n<div style=\"height:50px\" aria-hidden=\"true\" class=\"wp-block-spacer\"><\/div>\n\n\n\n<div class=\"wp-block-columns alignwide is-layout-flex wp-container-core-columns-is-layout-9d6595d7 wp-block-columns-is-layout-flex\">\n<div class=\"wp-block-column is-layout-flow wp-block-column-is-layout-flow\">\n<div class=\"tile-block type-text overflow-cover  \">\n  <div class=\"tile-b\" data-aos=\"animFadeInUp\">\n          <div class=\"tile-b__text\">\n        <h3>Technische Daten<\/h3><div class=\"text\"><ul>\n<li>Angetriebene Walzen 3<\/li>\n<li>Drehzahl 0-16 U\/min stufenlos (optional auch h\u00f6her)<\/li>\n<li>Durchmesser der Wellen 65mm<\/li>\n<li>Schaftl\u00e4nge der Welle 200mm (optional 300mm)<\/li>\n<li>Wellen abst\u00fctzbar<\/li>\n<li>Achsabstand 330-600mm (einstellbar)<\/li>\n<li>Hub X-Achse 200mm<\/li>\n<li>Biegeleistung 5,5kW<\/li>\n<li>Presskraft 120 KN<\/li>\n<li>Gewicht 800 kg<\/li>\n<\/ul>\n<\/div>      <\/div>\n      <\/div>\n<\/div><\/div>\n\n\n\n<div class=\"wp-block-column is-layout-flow wp-block-column-is-layout-flow\">\n<div class=\"tile-block type-slider overflow-cover  \">\n  <div class=\"tile-b\" data-aos=\"animFadeInUp\">\n          <div class=\"tile-b__slider overflow-cover\">\n        <div class=\"image-slider splide splide--custom-arrows \">\n          <div class=\"splide__arrows\">\n            <button class=\"splide__arrow splide__arrow--prev\" aria-label=\"Left\">\n              <span style=\"visibility: hidden; font-size: 0;\">Left<\/span>\n              <svg xmlns=\"http:\/\/www.w3.org\/2000\/svg\" width=\"45\" height=\"45\" viewBox=\"0 0 45 45\">\n                <g id=\"Gruppe_260\" data-name=\"Gruppe 260\" transform=\"translate(1745 7421) rotate(180)\">\n                  <circle id=\"Ellipse_1\" data-name=\"Ellipse 1\" cx=\"22.5\" cy=\"22.5\" r=\"22.5\" transform=\"translate(1700 7376)\" fill=\"#e2e2e2\" \/>\n                  <line id=\"Linie_48\" data-name=\"Linie 48\" x2=\"10\" y2=\"10\" transform=\"translate(1718 7388)\" fill=\"none\" stroke=\"#43454b\" stroke-linecap=\"round\" stroke-width=\"3\" \/>\n                  <line id=\"Linie_49\" data-name=\"Linie 49\" y1=\"11\" x2=\"10\" transform=\"translate(1718 7398)\" fill=\"none\" stroke=\"#43454b\" stroke-linecap=\"round\" stroke-width=\"3\" \/>\n                <\/g>\n              <\/svg>\n            <\/button>\n            <button class=\"splide__arrow splide__arrow--next\" aria-label=\"Right\">\n              <span style=\"visibility: hidden; font-size: 0;\">Right<\/span>\n              <svg xmlns=\"http:\/\/www.w3.org\/2000\/svg\" width=\"45\" height=\"45\" viewBox=\"0 0 45 45\">\n                <g id=\"Gruppe_260\" data-name=\"Gruppe 260\" transform=\"translate(-1700 -7376)\">\n                  <circle id=\"Ellipse_1\" data-name=\"Ellipse 1\" cx=\"22.5\" cy=\"22.5\" r=\"22.5\" transform=\"translate(1700 7376)\" fill=\"#e2e2e2\" \/>\n                  <line id=\"Linie_48\" data-name=\"Linie 48\" x2=\"10\" y2=\"10\" transform=\"translate(1718 7388)\" fill=\"none\" stroke=\"#43454b\" stroke-linecap=\"round\" stroke-width=\"3\" \/>\n                  <line id=\"Linie_49\" data-name=\"Linie 49\" y1=\"11\" x2=\"10\" transform=\"translate(1718 7398)\" fill=\"none\" stroke=\"#43454b\" stroke-linecap=\"round\" stroke-width=\"3\" \/>\n                <\/g>\n              <\/svg>\n            <\/button>\n          <\/div>\n          <div class=\"splide__track\">\n            <div class=\"splide__list\">\n                              <div class=\"image-slider__slide splide__slide\">\n                  <div class=\"image\"><img loading=\"lazy\" decoding=\"async\" width=\"2560\" height=\"1440\" src=\"https:\/\/thoman.clients.bluedom.ch\/wp-content\/uploads\/2025\/10\/20250214_073358-scaled.jpg\" class=\"attachment-full size-full\" alt=\"\" srcset=\"https:\/\/thoman.clients.bluedom.ch\/wp-content\/uploads\/2025\/10\/20250214_073358-scaled.jpg 2560w, https:\/\/thoman.clients.bluedom.ch\/wp-content\/uploads\/2025\/10\/20250214_073358-300x169.jpg 300w, https:\/\/thoman.clients.bluedom.ch\/wp-content\/uploads\/2025\/10\/20250214_073358-1024x576.jpg 1024w, https:\/\/thoman.clients.bluedom.ch\/wp-content\/uploads\/2025\/10\/20250214_073358-768x432.jpg 768w, https:\/\/thoman.clients.bluedom.ch\/wp-content\/uploads\/2025\/10\/20250214_073358-1536x864.jpg 1536w, https:\/\/thoman.clients.bluedom.ch\/wp-content\/uploads\/2025\/10\/20250214_073358-2048x1152.jpg 2048w\" sizes=\"auto, (max-width: 2560px) 100vw, 2560px\" \/><\/div>                <\/div>\n                              <div class=\"image-slider__slide splide__slide\">\n                  <div class=\"image\"><img loading=\"lazy\" decoding=\"async\" width=\"2560\" height=\"1707\" src=\"https:\/\/thoman.clients.bluedom.ch\/wp-content\/uploads\/2025\/10\/IMG_0437-scaled.jpg\" class=\"attachment-full size-full\" alt=\"\" srcset=\"https:\/\/thoman.clients.bluedom.ch\/wp-content\/uploads\/2025\/10\/IMG_0437-scaled.jpg 2560w, https:\/\/thoman.clients.bluedom.ch\/wp-content\/uploads\/2025\/10\/IMG_0437-300x200.jpg 300w, https:\/\/thoman.clients.bluedom.ch\/wp-content\/uploads\/2025\/10\/IMG_0437-1024x683.jpg 1024w, https:\/\/thoman.clients.bluedom.ch\/wp-content\/uploads\/2025\/10\/IMG_0437-768x512.jpg 768w, https:\/\/thoman.clients.bluedom.ch\/wp-content\/uploads\/2025\/10\/IMG_0437-1536x1024.jpg 1536w, https:\/\/thoman.clients.bluedom.ch\/wp-content\/uploads\/2025\/10\/IMG_0437-2048x1365.jpg 2048w\" sizes=\"auto, (max-width: 2560px) 100vw, 2560px\" \/><\/div>                <\/div>\n                              <div class=\"image-slider__slide splide__slide\">\n                  <div class=\"image\"><img loading=\"lazy\" decoding=\"async\" width=\"1920\" height=\"1285\" src=\"https:\/\/thoman.clients.bluedom.ch\/wp-content\/uploads\/2025\/08\/Schwimmhalle.jpg\" class=\"attachment-full size-full\" alt=\"\" srcset=\"https:\/\/thoman.clients.bluedom.ch\/wp-content\/uploads\/2025\/08\/Schwimmhalle.jpg 1920w, https:\/\/thoman.clients.bluedom.ch\/wp-content\/uploads\/2025\/08\/Schwimmhalle-300x201.jpg 300w, https:\/\/thoman.clients.bluedom.ch\/wp-content\/uploads\/2025\/08\/Schwimmhalle-1024x685.jpg 1024w, https:\/\/thoman.clients.bluedom.ch\/wp-content\/uploads\/2025\/08\/Schwimmhalle-768x514.jpg 768w, https:\/\/thoman.clients.bluedom.ch\/wp-content\/uploads\/2025\/08\/Schwimmhalle-1536x1028.jpg 1536w\" sizes=\"auto, (max-width: 1920px) 100vw, 1920px\" \/><\/div>                <\/div>\n                              <div class=\"image-slider__slide splide__slide\">\n                  <div class=\"image\"><img loading=\"lazy\" decoding=\"async\" width=\"2560\" height=\"960\" src=\"https:\/\/thoman.clients.bluedom.ch\/wp-content\/uploads\/2025\/08\/profilbiegen-metallbau-thoman-biegemaschinen-scaled.jpg\" class=\"attachment-full size-full\" alt=\"\" srcset=\"https:\/\/thoman.clients.bluedom.ch\/wp-content\/uploads\/2025\/08\/profilbiegen-metallbau-thoman-biegemaschinen-scaled.jpg 2560w, https:\/\/thoman.clients.bluedom.ch\/wp-content\/uploads\/2025\/08\/profilbiegen-metallbau-thoman-biegemaschinen-300x112.jpg 300w, https:\/\/thoman.clients.bluedom.ch\/wp-content\/uploads\/2025\/08\/profilbiegen-metallbau-thoman-biegemaschinen-1024x384.jpg 1024w, https:\/\/thoman.clients.bluedom.ch\/wp-content\/uploads\/2025\/08\/profilbiegen-metallbau-thoman-biegemaschinen-768x288.jpg 768w, https:\/\/thoman.clients.bluedom.ch\/wp-content\/uploads\/2025\/08\/profilbiegen-metallbau-thoman-biegemaschinen-1536x576.jpg 1536w, https:\/\/thoman.clients.bluedom.ch\/wp-content\/uploads\/2025\/08\/profilbiegen-metallbau-thoman-biegemaschinen-2048x768.jpg 2048w\" sizes=\"auto, (max-width: 2560px) 100vw, 2560px\" \/><\/div>                <\/div>\n                          <\/div>\n          <\/div>\n        <\/div>\n      <\/div>\n      <\/div>\n<\/div><\/div>\n<\/div>\n\n\n\n<div style=\"height:40px\" aria-hidden=\"true\" class=\"wp-block-spacer\"><\/div>\n","protected":false},"excerpt":{"rendered":"<p>Die RB3-L bietet hohe Biegeleistung bei kompakten Abmessungen. Die drei einzeln und hydraulisch angetriebenen Walzrollen der Profilbiegemaschine gew\u00e4hrleisten eine hohe Biegeleistung. Schon im ersten Walzdurchgang k\u00f6nnen sehr kleine Biegeradien erreicht werden.<\/p>\n","protected":false},"featured_media":914,"template":"","meta":{"_acf_changed":true,"inline_featured_image":false},"product-category":[7],"class_list":["post-143","product","type-product","status-publish","has-post-thumbnail","hentry","product-category-profilbiegemaschinen","has_thumb"],"acf":[],"yoast_head":"<!-- This site is optimized with the Yoast SEO plugin v25.9 - https:\/\/yoast.com\/wordpress\/plugins\/seo\/ -->\n<title>Profilbiegemaschinen RB3\u2013L - Thoman Biegemaschinen<\/title>\n<meta name=\"robots\" content=\"noindex, follow, max-snippet:-1, max-image-preview:large, max-video-preview:-1\" \/>\n<meta property=\"og:locale\" content=\"es_ES\" \/>\n<meta property=\"og:type\" content=\"article\" \/>\n<meta property=\"og:title\" content=\"Profilbiegemaschinen RB3\u2013L - Thoman Biegemaschinen\" \/>\n<meta property=\"og:description\" content=\"Die RB3-L bietet hohe Biegeleistung bei kompakten Abmessungen. Die drei einzeln und hydraulisch angetriebenen Walzrollen der Profilbiegemaschine gew\u00e4hrleisten eine hohe Biegeleistung. Schon im ersten Walzdurchgang k\u00f6nnen sehr kleine Biegeradien erreicht werden.\" \/>\n<meta property=\"og:url\" content=\"https:\/\/thoman.clients.bluedom.ch\/es\/product\/profilbiegemaschinen-rb3-l\/\" \/>\n<meta property=\"og:site_name\" content=\"Thoman Biegemaschinen\" \/>\n<meta property=\"article:modified_time\" content=\"2026-03-09T12:38:35+00:00\" \/>\n<meta property=\"og:image\" content=\"https:\/\/thoman.clients.bluedom.ch\/wp-content\/uploads\/2025\/08\/RB3-L-scaled.webp\" \/>\n\t<meta property=\"og:image:width\" content=\"2560\" \/>\n\t<meta property=\"og:image:height\" content=\"1920\" \/>\n\t<meta property=\"og:image:type\" content=\"image\/webp\" \/>\n<meta name=\"twitter:card\" content=\"summary_large_image\" \/>\n<meta name=\"twitter:label1\" content=\"Tiempo de lectura\" \/>\n\t<meta name=\"twitter:data1\" content=\"1 minuto\" \/>\n<script type=\"application\/ld+json\" class=\"yoast-schema-graph\">{\"@context\":\"https:\/\/schema.org\",\"@graph\":[{\"@type\":\"WebPage\",\"@id\":\"https:\/\/thoman.clients.bluedom.ch\/es\/product\/profilbiegemaschinen-rb3-l\/\",\"url\":\"https:\/\/thoman.clients.bluedom.ch\/es\/product\/profilbiegemaschinen-rb3-l\/\",\"name\":\"Profilbiegemaschinen RB3\u2013L - Thoman Biegemaschinen\",\"isPartOf\":{\"@id\":\"https:\/\/thoman.clients.bluedom.ch\/#website\"},\"primaryImageOfPage\":{\"@id\":\"https:\/\/thoman.clients.bluedom.ch\/es\/product\/profilbiegemaschinen-rb3-l\/#primaryimage\"},\"image\":{\"@id\":\"https:\/\/thoman.clients.bluedom.ch\/es\/product\/profilbiegemaschinen-rb3-l\/#primaryimage\"},\"thumbnailUrl\":\"https:\/\/thoman.clients.bluedom.ch\/wp-content\/uploads\/2025\/08\/RB3-L-scaled.webp\",\"datePublished\":\"2025-10-01T12:58:01+00:00\",\"dateModified\":\"2026-03-09T12:38:35+00:00\",\"breadcrumb\":{\"@id\":\"https:\/\/thoman.clients.bluedom.ch\/es\/product\/profilbiegemaschinen-rb3-l\/#breadcrumb\"},\"inLanguage\":\"es\",\"potentialAction\":[{\"@type\":\"ReadAction\",\"target\":[\"https:\/\/thoman.clients.bluedom.ch\/es\/product\/profilbiegemaschinen-rb3-l\/\"]}]},{\"@type\":\"ImageObject\",\"inLanguage\":\"es\",\"@id\":\"https:\/\/thoman.clients.bluedom.ch\/es\/product\/profilbiegemaschinen-rb3-l\/#primaryimage\",\"url\":\"https:\/\/thoman.clients.bluedom.ch\/wp-content\/uploads\/2025\/08\/RB3-L-scaled.webp\",\"contentUrl\":\"https:\/\/thoman.clients.bluedom.ch\/wp-content\/uploads\/2025\/08\/RB3-L-scaled.webp\",\"width\":2560,\"height\":1920},{\"@type\":\"BreadcrumbList\",\"@id\":\"https:\/\/thoman.clients.bluedom.ch\/es\/product\/profilbiegemaschinen-rb3-l\/#breadcrumb\",\"itemListElement\":[{\"@type\":\"ListItem\",\"position\":1,\"name\":\"Home\",\"item\":\"https:\/\/thoman.clients.bluedom.ch\/\"},{\"@type\":\"ListItem\",\"position\":2,\"name\":\"Profilbiegemaschinen RB3\u2013L\"}]},{\"@type\":\"WebSite\",\"@id\":\"https:\/\/thoman.clients.bluedom.ch\/#website\",\"url\":\"https:\/\/thoman.clients.bluedom.ch\/\",\"name\":\"Thoman Biegemaschinen\",\"description\":\"Ihr Partner f\u00fcr anspruchsvolle Biegeaufgaben\",\"potentialAction\":[{\"@type\":\"SearchAction\",\"target\":{\"@type\":\"EntryPoint\",\"urlTemplate\":\"https:\/\/thoman.clients.bluedom.ch\/?s={search_term_string}\"},\"query-input\":{\"@type\":\"PropertyValueSpecification\",\"valueRequired\":true,\"valueName\":\"search_term_string\"}}],\"inLanguage\":\"es\"}]}<\/script>\n<!-- \/ Yoast SEO plugin. -->","yoast_head_json":{"title":"Profilbiegemaschinen RB3\u2013L - Thoman Biegemaschinen","robots":{"index":"noindex","follow":"follow","max-snippet":"max-snippet:-1","max-image-preview":"max-image-preview:large","max-video-preview":"max-video-preview:-1"},"og_locale":"es_ES","og_type":"article","og_title":"Profilbiegemaschinen RB3\u2013L - Thoman Biegemaschinen","og_description":"Die RB3-L bietet hohe Biegeleistung bei kompakten Abmessungen. Die drei einzeln und hydraulisch angetriebenen Walzrollen der Profilbiegemaschine gew\u00e4hrleisten eine hohe Biegeleistung. Schon im ersten Walzdurchgang k\u00f6nnen sehr kleine Biegeradien erreicht werden.","og_url":"https:\/\/thoman.clients.bluedom.ch\/es\/product\/profilbiegemaschinen-rb3-l\/","og_site_name":"Thoman Biegemaschinen","article_modified_time":"2026-03-09T12:38:35+00:00","og_image":[{"width":2560,"height":1920,"url":"https:\/\/thoman.clients.bluedom.ch\/wp-content\/uploads\/2025\/08\/RB3-L-scaled.webp","type":"image\/webp"}],"twitter_card":"summary_large_image","twitter_misc":{"Tiempo de lectura":"1 minuto"},"schema":{"@context":"https:\/\/schema.org","@graph":[{"@type":"WebPage","@id":"https:\/\/thoman.clients.bluedom.ch\/es\/product\/profilbiegemaschinen-rb3-l\/","url":"https:\/\/thoman.clients.bluedom.ch\/es\/product\/profilbiegemaschinen-rb3-l\/","name":"Profilbiegemaschinen RB3\u2013L - Thoman Biegemaschinen","isPartOf":{"@id":"https:\/\/thoman.clients.bluedom.ch\/#website"},"primaryImageOfPage":{"@id":"https:\/\/thoman.clients.bluedom.ch\/es\/product\/profilbiegemaschinen-rb3-l\/#primaryimage"},"image":{"@id":"https:\/\/thoman.clients.bluedom.ch\/es\/product\/profilbiegemaschinen-rb3-l\/#primaryimage"},"thumbnailUrl":"https:\/\/thoman.clients.bluedom.ch\/wp-content\/uploads\/2025\/08\/RB3-L-scaled.webp","datePublished":"2025-10-01T12:58:01+00:00","dateModified":"2026-03-09T12:38:35+00:00","breadcrumb":{"@id":"https:\/\/thoman.clients.bluedom.ch\/es\/product\/profilbiegemaschinen-rb3-l\/#breadcrumb"},"inLanguage":"es","potentialAction":[{"@type":"ReadAction","target":["https:\/\/thoman.clients.bluedom.ch\/es\/product\/profilbiegemaschinen-rb3-l\/"]}]},{"@type":"ImageObject","inLanguage":"es","@id":"https:\/\/thoman.clients.bluedom.ch\/es\/product\/profilbiegemaschinen-rb3-l\/#primaryimage","url":"https:\/\/thoman.clients.bluedom.ch\/wp-content\/uploads\/2025\/08\/RB3-L-scaled.webp","contentUrl":"https:\/\/thoman.clients.bluedom.ch\/wp-content\/uploads\/2025\/08\/RB3-L-scaled.webp","width":2560,"height":1920},{"@type":"BreadcrumbList","@id":"https:\/\/thoman.clients.bluedom.ch\/es\/product\/profilbiegemaschinen-rb3-l\/#breadcrumb","itemListElement":[{"@type":"ListItem","position":1,"name":"Home","item":"https:\/\/thoman.clients.bluedom.ch\/"},{"@type":"ListItem","position":2,"name":"Profilbiegemaschinen RB3\u2013L"}]},{"@type":"WebSite","@id":"https:\/\/thoman.clients.bluedom.ch\/#website","url":"https:\/\/thoman.clients.bluedom.ch\/","name":"Thoman Biegemaschinen","description":"Ihr Partner f\u00fcr anspruchsvolle Biegeaufgaben","potentialAction":[{"@type":"SearchAction","target":{"@type":"EntryPoint","urlTemplate":"https:\/\/thoman.clients.bluedom.ch\/?s={search_term_string}"},"query-input":{"@type":"PropertyValueSpecification","valueRequired":true,"valueName":"search_term_string"}}],"inLanguage":"es"}]}},"_links":{"self":[{"href":"https:\/\/thoman.clients.bluedom.ch\/es\/wp-json\/wp\/v2\/product\/143","targetHints":{"allow":["GET"]}}],"collection":[{"href":"https:\/\/thoman.clients.bluedom.ch\/es\/wp-json\/wp\/v2\/product"}],"about":[{"href":"https:\/\/thoman.clients.bluedom.ch\/es\/wp-json\/wp\/v2\/types\/product"}],"wp:featuredmedia":[{"embeddable":true,"href":"https:\/\/thoman.clients.bluedom.ch\/es\/wp-json\/wp\/v2\/media\/914"}],"wp:attachment":[{"href":"https:\/\/thoman.clients.bluedom.ch\/es\/wp-json\/wp\/v2\/media?parent=143"}],"wp:term":[{"taxonomy":"product-category","embeddable":true,"href":"https:\/\/thoman.clients.bluedom.ch\/es\/wp-json\/wp\/v2\/product-category?post=143"}],"curies":[{"name":"wp","href":"https:\/\/api.w.org\/{rel}","templated":true}]}}