{"id":1906,"date":"2026-01-28T16:07:04","date_gmt":"2026-01-28T15:07:04","guid":{"rendered":"https:\/\/thoman.clients.bluedom.ch\/?post_type=product&#038;p=1906"},"modified":"2026-03-02T14:46:16","modified_gmt":"2026-03-02T13:46:16","slug":"rohrbiegemaschine-fk50-cnc","status":"publish","type":"product","link":"https:\/\/thoman.clients.bluedom.ch\/ru\/product\/rohrbiegemaschine-fk50-cnc\/","title":{"rendered":"Rohrbiegemaschine FK50-CNC"},"content":{"rendered":"\n<div class=\"heading-block page-section  \" style=\"background-color: #FFFFFF\">\n  <div class=\"container\">\n    <div class=\"heading-block__i\">\n            <div class=\"heading-block__text fullwidth\" data-aos=\"animFadeInLeft\">\n        <div class=\"label h3\">Rohre von 5-50mm<\/div>        <h1 style=\"color: #BE0015\">Vollautomatische Rohrbiegemaschine<\/h1>      <\/div>\n    <\/div>\n  <\/div>\n<\/div>\n\n\n  <div class=\"page-section main-banner main-banner--image \">\n    <div class=\"container container--fullwidth\">\n      <div class=\"main-banner__image\">\n        <img loading=\"lazy\" decoding=\"async\" width=\"2297\" height=\"660\" src=\"https:\/\/thoman.clients.bluedom.ch\/wp-content\/uploads\/2025\/08\/voll_Rohr.jpg\" class=\"attachment-full size-full\" alt=\"\" srcset=\"https:\/\/thoman.clients.bluedom.ch\/wp-content\/uploads\/2025\/08\/voll_Rohr.jpg 2297w, https:\/\/thoman.clients.bluedom.ch\/wp-content\/uploads\/2025\/08\/voll_Rohr-300x86.jpg 300w, https:\/\/thoman.clients.bluedom.ch\/wp-content\/uploads\/2025\/08\/voll_Rohr-1024x294.jpg 1024w, https:\/\/thoman.clients.bluedom.ch\/wp-content\/uploads\/2025\/08\/voll_Rohr-768x221.jpg 768w, https:\/\/thoman.clients.bluedom.ch\/wp-content\/uploads\/2025\/08\/voll_Rohr-1536x441.jpg 1536w, https:\/\/thoman.clients.bluedom.ch\/wp-content\/uploads\/2025\/08\/voll_Rohr-2048x588.jpg 2048w\" sizes=\"auto, (max-width: 2297px) 100vw, 2297px\" \/>      <\/div>\n          <\/div>\n  <\/div>\n\n\n\n<div class=\"image-article-section page-section section-padding style-1  \">\n  <div class=\"container container--wide\">\n    <article class=\"image-article image-left\">\n              <div class=\"image-article__image overflow-cover bg-position-center-center\"\n          data-aos=\"animFadeInRight\">\n          <img loading=\"lazy\" decoding=\"async\" width=\"609\" height=\"244\" src=\"https:\/\/thoman.clients.bluedom.ch\/wp-content\/uploads\/2025\/08\/Rohrbiegemaschine-FK50-CNC-1.jpg\" class=\"attachment-full size-full\" alt=\"\" \/>        <\/div>\n            <div class=\"image-article__content overflow-cover\" data-aos=\"animFadeInLeft\">\n        <div class=\"label\">Vollautomatische Rohrbiegemaschine<\/div>        <h3 class=\"title\">Rohrbiegemaschine FK50-CNCS<\/h3>        <div class=\"text\"><p>Rohrvorschub sowie Rohrdrehung arbeiten servoelektrisch geregelt. Der Hauptbiegeantrieb arbeitet hydraulisch geregelt. Kurze Positionierzeiten bei gleichzeitig h\u00f6chster Pr\u00e4zision sind stets gew\u00e4hrleistet. Spannfunktionen sind hydraulisch gesteuert. Das hybride Konzept vereint die Vorteile elektrischer und hydraulischer Antriebstechnik.<\/p>\n<\/div>\n        <div class=\"cta cta--multiple\">              <a class=\"btn-link\"\n                href=\"#\"\n                target=\"_self\"\n                data-micromodal-trigger=\"\">\n                Steuerungen              <\/a>\n                      <a class=\"btn-link\"\n                href=\"#\"\n                target=\"_self\"\n                data-micromodal-trigger=\"\">\n                Biegesoftware              <\/a>\n        <\/div>      <\/div>\n    <\/article>\n  <\/div>\n<\/div>\n\n\n<div style=\"height:50px\" aria-hidden=\"true\" class=\"wp-block-spacer\"><\/div>\n\n\n\n<div class=\"wp-block-columns alignwide is-layout-flex wp-container-core-columns-is-layout-9d6595d7 wp-block-columns-is-layout-flex\">\n<div class=\"wp-block-column is-layout-flow wp-block-column-is-layout-flow\">\n<div class=\"tile-block type-text overflow-cover full-height \">\n  <div class=\"tile-b\" data-aos=\"animFadeInUp\">\n          <div class=\"tile-b__text\">\n        <h3>Kennzeichen; technische Daten:<\/h3><div class=\"text\"><ul>\n<li>Maximale Biegefreiheit durch besonderer kompakten und exponiert angebrachten Biegekopf<\/li>\n<li>Antrieb Biegearm hydraulisch geregelt<\/li>\n<li>Rohrvorschub automatisch, servoelektrisch geregelt<\/li>\n<li>Rohrdrehung automatisch, servoelektrisch geregelt<\/li>\n<li>Spannfunktionen hydraulisch<\/li>\n<li>Vorzeitiger Dornr\u00fcckzug programmierbar<\/li>\n<li>Biegerichtung entgegen Uhrzeigersinn<\/li>\n<li>Anschlussleistung: 10,5kW \/ 400V<\/li>\n<\/ul>\n<\/div>      <\/div>\n      <\/div>\n<\/div>\n\n\n<div style=\"height:40px\" aria-hidden=\"true\" class=\"wp-block-spacer\"><\/div>\n<\/div>\n\n\n\n<div class=\"wp-block-column is-layout-flow wp-block-column-is-layout-flow\">\n<div class=\"tile-block type-slider overflow-cover  \">\n  <div class=\"tile-b\" data-aos=\"animFadeInUp\">\n          <div class=\"tile-b__slider overflow-cover\">\n        <div class=\"image-slider splide splide--custom-arrows \">\n          <div class=\"splide__arrows\">\n            <button class=\"splide__arrow splide__arrow--prev\" aria-label=\"Left\">\n              <span style=\"visibility: hidden; font-size: 0;\">Left<\/span>\n              <svg xmlns=\"http:\/\/www.w3.org\/2000\/svg\" width=\"45\" height=\"45\" viewBox=\"0 0 45 45\">\n                <g id=\"Gruppe_260\" data-name=\"Gruppe 260\" transform=\"translate(1745 7421) rotate(180)\">\n                  <circle id=\"Ellipse_1\" data-name=\"Ellipse 1\" cx=\"22.5\" cy=\"22.5\" r=\"22.5\" transform=\"translate(1700 7376)\" fill=\"#e2e2e2\" \/>\n                  <line id=\"Linie_48\" data-name=\"Linie 48\" x2=\"10\" y2=\"10\" transform=\"translate(1718 7388)\" fill=\"none\" stroke=\"#43454b\" stroke-linecap=\"round\" stroke-width=\"3\" \/>\n                  <line id=\"Linie_49\" data-name=\"Linie 49\" y1=\"11\" x2=\"10\" transform=\"translate(1718 7398)\" fill=\"none\" stroke=\"#43454b\" stroke-linecap=\"round\" stroke-width=\"3\" \/>\n                <\/g>\n              <\/svg>\n            <\/button>\n            <button class=\"splide__arrow splide__arrow--next\" aria-label=\"Right\">\n              <span style=\"visibility: hidden; font-size: 0;\">Right<\/span>\n              <svg xmlns=\"http:\/\/www.w3.org\/2000\/svg\" width=\"45\" height=\"45\" viewBox=\"0 0 45 45\">\n                <g id=\"Gruppe_260\" data-name=\"Gruppe 260\" transform=\"translate(-1700 -7376)\">\n                  <circle id=\"Ellipse_1\" data-name=\"Ellipse 1\" cx=\"22.5\" cy=\"22.5\" r=\"22.5\" transform=\"translate(1700 7376)\" fill=\"#e2e2e2\" \/>\n                  <line id=\"Linie_48\" data-name=\"Linie 48\" x2=\"10\" y2=\"10\" transform=\"translate(1718 7388)\" fill=\"none\" stroke=\"#43454b\" stroke-linecap=\"round\" stroke-width=\"3\" \/>\n                  <line id=\"Linie_49\" data-name=\"Linie 49\" y1=\"11\" x2=\"10\" transform=\"translate(1718 7398)\" fill=\"none\" stroke=\"#43454b\" stroke-linecap=\"round\" stroke-width=\"3\" \/>\n                <\/g>\n              <\/svg>\n            <\/button>\n          <\/div>\n          <div class=\"splide__track\">\n            <div class=\"splide__list\">\n                              <div class=\"image-slider__slide splide__slide\">\n                  <div class=\"image\"><img loading=\"lazy\" decoding=\"async\" width=\"2560\" height=\"1440\" src=\"https:\/\/thoman.clients.bluedom.ch\/wp-content\/uploads\/2026\/01\/20250717_093335-scaled.jpg\" class=\"attachment-full size-full\" alt=\"\" srcset=\"https:\/\/thoman.clients.bluedom.ch\/wp-content\/uploads\/2026\/01\/20250717_093335-scaled.jpg 2560w, https:\/\/thoman.clients.bluedom.ch\/wp-content\/uploads\/2026\/01\/20250717_093335-300x169.jpg 300w, https:\/\/thoman.clients.bluedom.ch\/wp-content\/uploads\/2026\/01\/20250717_093335-1024x576.jpg 1024w, https:\/\/thoman.clients.bluedom.ch\/wp-content\/uploads\/2026\/01\/20250717_093335-768x432.jpg 768w, https:\/\/thoman.clients.bluedom.ch\/wp-content\/uploads\/2026\/01\/20250717_093335-1536x864.jpg 1536w, https:\/\/thoman.clients.bluedom.ch\/wp-content\/uploads\/2026\/01\/20250717_093335-2048x1152.jpg 2048w\" sizes=\"auto, (max-width: 2560px) 100vw, 2560px\" \/><\/div>                <\/div>\n                              <div class=\"image-slider__slide splide__slide\">\n                  <div class=\"image\"><img loading=\"lazy\" decoding=\"async\" width=\"2560\" height=\"1440\" src=\"https:\/\/thoman.clients.bluedom.ch\/wp-content\/uploads\/2026\/01\/20250417_160158-scaled.jpg\" class=\"attachment-full size-full\" alt=\"\" srcset=\"https:\/\/thoman.clients.bluedom.ch\/wp-content\/uploads\/2026\/01\/20250417_160158-scaled.jpg 2560w, https:\/\/thoman.clients.bluedom.ch\/wp-content\/uploads\/2026\/01\/20250417_160158-300x169.jpg 300w, https:\/\/thoman.clients.bluedom.ch\/wp-content\/uploads\/2026\/01\/20250417_160158-1024x576.jpg 1024w, https:\/\/thoman.clients.bluedom.ch\/wp-content\/uploads\/2026\/01\/20250417_160158-768x432.jpg 768w, https:\/\/thoman.clients.bluedom.ch\/wp-content\/uploads\/2026\/01\/20250417_160158-1536x864.jpg 1536w, https:\/\/thoman.clients.bluedom.ch\/wp-content\/uploads\/2026\/01\/20250417_160158-2048x1152.jpg 2048w\" sizes=\"auto, (max-width: 2560px) 100vw, 2560px\" \/><\/div>                <\/div>\n                              <div class=\"image-slider__slide splide__slide\">\n                  <div class=\"image\"><img loading=\"lazy\" decoding=\"async\" width=\"2560\" height=\"1440\" src=\"https:\/\/thoman.clients.bluedom.ch\/wp-content\/uploads\/2026\/01\/20250417_154558-scaled.jpg\" class=\"attachment-full size-full\" alt=\"\" srcset=\"https:\/\/thoman.clients.bluedom.ch\/wp-content\/uploads\/2026\/01\/20250417_154558-scaled.jpg 2560w, https:\/\/thoman.clients.bluedom.ch\/wp-content\/uploads\/2026\/01\/20250417_154558-300x169.jpg 300w, https:\/\/thoman.clients.bluedom.ch\/wp-content\/uploads\/2026\/01\/20250417_154558-1024x576.jpg 1024w, https:\/\/thoman.clients.bluedom.ch\/wp-content\/uploads\/2026\/01\/20250417_154558-768x432.jpg 768w, https:\/\/thoman.clients.bluedom.ch\/wp-content\/uploads\/2026\/01\/20250417_154558-1536x864.jpg 1536w, https:\/\/thoman.clients.bluedom.ch\/wp-content\/uploads\/2026\/01\/20250417_154558-2048x1152.jpg 2048w\" sizes=\"auto, (max-width: 2560px) 100vw, 2560px\" \/><\/div>                <\/div>\n                              <div class=\"image-slider__slide splide__slide\">\n                  <div class=\"image\"><img loading=\"lazy\" decoding=\"async\" width=\"2560\" height=\"1440\" src=\"https:\/\/thoman.clients.bluedom.ch\/wp-content\/uploads\/2026\/01\/20250417_142939-scaled.jpg\" class=\"attachment-full size-full\" alt=\"\" srcset=\"https:\/\/thoman.clients.bluedom.ch\/wp-content\/uploads\/2026\/01\/20250417_142939-scaled.jpg 2560w, https:\/\/thoman.clients.bluedom.ch\/wp-content\/uploads\/2026\/01\/20250417_142939-300x169.jpg 300w, https:\/\/thoman.clients.bluedom.ch\/wp-content\/uploads\/2026\/01\/20250417_142939-1024x576.jpg 1024w, https:\/\/thoman.clients.bluedom.ch\/wp-content\/uploads\/2026\/01\/20250417_142939-768x432.jpg 768w, https:\/\/thoman.clients.bluedom.ch\/wp-content\/uploads\/2026\/01\/20250417_142939-1536x864.jpg 1536w, https:\/\/thoman.clients.bluedom.ch\/wp-content\/uploads\/2026\/01\/20250417_142939-2048x1152.jpg 2048w\" sizes=\"auto, (max-width: 2560px) 100vw, 2560px\" \/><\/div>                <\/div>\n                          <\/div>\n          <\/div>\n        <\/div>\n      <\/div>\n      <\/div>\n<\/div><\/div>\n<\/div>\n\n\n\n<div class=\"wp-block-columns alignwide is-layout-flex wp-container-core-columns-is-layout-9d6595d7 wp-block-columns-is-layout-flex\">\n<div class=\"wp-block-column is-layout-flow wp-block-column-is-layout-flow\">\n<div class=\"tile-block type-text overflow-cover  \">\n  <div class=\"tile-b\" data-aos=\"animFadeInUp\">\n          <div class=\"tile-b__text\">\n        <h3>Biegeleistung<\/h3><div class=\"text\"><ul>\n<li>Rundrohre von 5 bis 50 x 2,9 mm Stahl<\/li>\n<li>maximaler Biegeradius Ra max=170 mm<\/li>\n<li>maximaler Biegewinkel 180\u00b0 + 10\u00b0 \u00dcberbiegung<\/li>\n<\/ul>\n<\/div>      <\/div>\n      <\/div>\n<\/div><\/div>\n\n\n\n<div class=\"wp-block-column is-layout-flow wp-block-column-is-layout-flow\"><\/div>\n<\/div>\n\n\n\n<div style=\"height:40px\" aria-hidden=\"true\" class=\"wp-block-spacer\"><\/div>\n","protected":false},"excerpt":{"rendered":"<p>Halbautomatische Dornbiegemaschinen werden in der Einzelteilfertigung und Serienfertigung, in der Werkstatt und der Produktion eingesetzt. Bei halbautomatischen Dornbiegemaschinen Type FK erfolgt der Biegezyklus automatisch und programmgesteuert. Rohrvorschub und Rohrdrehung erfolgen manuell.<\/p>\n","protected":false},"featured_media":162,"template":"","meta":{"_acf_changed":true,"inline_featured_image":false},"product-category":[8],"class_list":["post-1906","product","type-product","status-publish","has-post-thumbnail","hentry","product-category-rohrbiegemaschinen","has_thumb"],"acf":[],"yoast_head":"<!-- This site is optimized with the Yoast SEO plugin v25.9 - https:\/\/yoast.com\/wordpress\/plugins\/seo\/ -->\n<title>Rohrbiegemaschine FK50-CNC - Thoman Biegemaschinen<\/title>\n<meta name=\"robots\" content=\"noindex, follow, max-snippet:-1, max-image-preview:large, max-video-preview:-1\" \/>\n<meta property=\"og:locale\" content=\"ru_RU\" \/>\n<meta property=\"og:type\" content=\"article\" \/>\n<meta property=\"og:title\" content=\"Rohrbiegemaschine FK50-CNC - Thoman Biegemaschinen\" \/>\n<meta property=\"og:description\" content=\"Halbautomatische Dornbiegemaschinen werden in der Einzelteilfertigung und Serienfertigung, in der Werkstatt und der Produktion eingesetzt. Bei halbautomatischen Dornbiegemaschinen Type FK erfolgt der Biegezyklus automatisch und programmgesteuert. Rohrvorschub und Rohrdrehung erfolgen manuell.\" \/>\n<meta property=\"og:url\" content=\"https:\/\/thoman.clients.bluedom.ch\/product\/rohrbiegemaschine-fk50-cnc\/\" \/>\n<meta property=\"og:site_name\" content=\"Thoman Biegemaschinen\" \/>\n<meta property=\"article:modified_time\" content=\"2026-03-02T13:46:16+00:00\" \/>\n<meta property=\"og:image\" content=\"https:\/\/thoman.clients.bluedom.ch\/wp-content\/uploads\/2025\/08\/rohrbiegemaschine-halbautomatisch-NC-thoman-rohrbiegen-1024x387-1.jpg\" \/>\n\t<meta property=\"og:image:width\" content=\"1024\" \/>\n\t<meta property=\"og:image:height\" content=\"387\" \/>\n\t<meta property=\"og:image:type\" content=\"image\/jpeg\" \/>\n<meta name=\"twitter:card\" content=\"summary_large_image\" \/>\n<meta name=\"twitter:label1\" content=\"\u041f\u0440\u0438\u043c\u0435\u0440\u043d\u043e\u0435 \u0432\u0440\u0435\u043c\u044f \u0434\u043b\u044f \u0447\u0442\u0435\u043d\u0438\u044f\" \/>\n\t<meta name=\"twitter:data1\" content=\"1 \u043c\u0438\u043d\u0443\u0442\u0430\" \/>\n<script type=\"application\/ld+json\" class=\"yoast-schema-graph\">{\"@context\":\"https:\/\/schema.org\",\"@graph\":[{\"@type\":\"WebPage\",\"@id\":\"https:\/\/thoman.clients.bluedom.ch\/product\/rohrbiegemaschine-fk50-cnc\/\",\"url\":\"https:\/\/thoman.clients.bluedom.ch\/product\/rohrbiegemaschine-fk50-cnc\/\",\"name\":\"Rohrbiegemaschine FK50-CNC - Thoman Biegemaschinen\",\"isPartOf\":{\"@id\":\"https:\/\/thoman.clients.bluedom.ch\/#website\"},\"primaryImageOfPage\":{\"@id\":\"https:\/\/thoman.clients.bluedom.ch\/product\/rohrbiegemaschine-fk50-cnc\/#primaryimage\"},\"image\":{\"@id\":\"https:\/\/thoman.clients.bluedom.ch\/product\/rohrbiegemaschine-fk50-cnc\/#primaryimage\"},\"thumbnailUrl\":\"https:\/\/thoman.clients.bluedom.ch\/wp-content\/uploads\/2025\/08\/rohrbiegemaschine-halbautomatisch-NC-thoman-rohrbiegen-1024x387-1.jpg\",\"datePublished\":\"2026-01-28T15:07:04+00:00\",\"dateModified\":\"2026-03-02T13:46:16+00:00\",\"breadcrumb\":{\"@id\":\"https:\/\/thoman.clients.bluedom.ch\/product\/rohrbiegemaschine-fk50-cnc\/#breadcrumb\"},\"inLanguage\":\"ru-RU\",\"potentialAction\":[{\"@type\":\"ReadAction\",\"target\":[\"https:\/\/thoman.clients.bluedom.ch\/product\/rohrbiegemaschine-fk50-cnc\/\"]}]},{\"@type\":\"ImageObject\",\"inLanguage\":\"ru-RU\",\"@id\":\"https:\/\/thoman.clients.bluedom.ch\/product\/rohrbiegemaschine-fk50-cnc\/#primaryimage\",\"url\":\"https:\/\/thoman.clients.bluedom.ch\/wp-content\/uploads\/2025\/08\/rohrbiegemaschine-halbautomatisch-NC-thoman-rohrbiegen-1024x387-1.jpg\",\"contentUrl\":\"https:\/\/thoman.clients.bluedom.ch\/wp-content\/uploads\/2025\/08\/rohrbiegemaschine-halbautomatisch-NC-thoman-rohrbiegen-1024x387-1.jpg\",\"width\":\"1024\",\"height\":\"387\"},{\"@type\":\"BreadcrumbList\",\"@id\":\"https:\/\/thoman.clients.bluedom.ch\/product\/rohrbiegemaschine-fk50-cnc\/#breadcrumb\",\"itemListElement\":[{\"@type\":\"ListItem\",\"position\":1,\"name\":\"Home\",\"item\":\"https:\/\/thoman.clients.bluedom.ch\/\"},{\"@type\":\"ListItem\",\"position\":2,\"name\":\"Rohrbiegemaschine FK50-CNC\"}]},{\"@type\":\"WebSite\",\"@id\":\"https:\/\/thoman.clients.bluedom.ch\/#website\",\"url\":\"https:\/\/thoman.clients.bluedom.ch\/\",\"name\":\"Thoman Biegemaschinen\",\"description\":\"Ihr Partner f\u00fcr anspruchsvolle Biegeaufgaben\",\"potentialAction\":[{\"@type\":\"SearchAction\",\"target\":{\"@type\":\"EntryPoint\",\"urlTemplate\":\"https:\/\/thoman.clients.bluedom.ch\/?s={search_term_string}\"},\"query-input\":{\"@type\":\"PropertyValueSpecification\",\"valueRequired\":true,\"valueName\":\"search_term_string\"}}],\"inLanguage\":\"ru-RU\"}]}<\/script>\n<!-- \/ Yoast SEO plugin. -->","yoast_head_json":{"title":"Rohrbiegemaschine FK50-CNC - Thoman Biegemaschinen","robots":{"index":"noindex","follow":"follow","max-snippet":"max-snippet:-1","max-image-preview":"max-image-preview:large","max-video-preview":"max-video-preview:-1"},"og_locale":"ru_RU","og_type":"article","og_title":"Rohrbiegemaschine FK50-CNC - Thoman Biegemaschinen","og_description":"Halbautomatische Dornbiegemaschinen werden in der Einzelteilfertigung und Serienfertigung, in der Werkstatt und der Produktion eingesetzt. Bei halbautomatischen Dornbiegemaschinen Type FK erfolgt der Biegezyklus automatisch und programmgesteuert. Rohrvorschub und Rohrdrehung erfolgen manuell.","og_url":"https:\/\/thoman.clients.bluedom.ch\/product\/rohrbiegemaschine-fk50-cnc\/","og_site_name":"Thoman Biegemaschinen","article_modified_time":"2026-03-02T13:46:16+00:00","og_image":[{"width":1024,"height":387,"url":"https:\/\/thoman.clients.bluedom.ch\/wp-content\/uploads\/2025\/08\/rohrbiegemaschine-halbautomatisch-NC-thoman-rohrbiegen-1024x387-1.jpg","type":"image\/jpeg"}],"twitter_card":"summary_large_image","twitter_misc":{"\u041f\u0440\u0438\u043c\u0435\u0440\u043d\u043e\u0435 \u0432\u0440\u0435\u043c\u044f \u0434\u043b\u044f \u0447\u0442\u0435\u043d\u0438\u044f":"1 \u043c\u0438\u043d\u0443\u0442\u0430"},"schema":{"@context":"https:\/\/schema.org","@graph":[{"@type":"WebPage","@id":"https:\/\/thoman.clients.bluedom.ch\/product\/rohrbiegemaschine-fk50-cnc\/","url":"https:\/\/thoman.clients.bluedom.ch\/product\/rohrbiegemaschine-fk50-cnc\/","name":"Rohrbiegemaschine FK50-CNC - Thoman Biegemaschinen","isPartOf":{"@id":"https:\/\/thoman.clients.bluedom.ch\/#website"},"primaryImageOfPage":{"@id":"https:\/\/thoman.clients.bluedom.ch\/product\/rohrbiegemaschine-fk50-cnc\/#primaryimage"},"image":{"@id":"https:\/\/thoman.clients.bluedom.ch\/product\/rohrbiegemaschine-fk50-cnc\/#primaryimage"},"thumbnailUrl":"https:\/\/thoman.clients.bluedom.ch\/wp-content\/uploads\/2025\/08\/rohrbiegemaschine-halbautomatisch-NC-thoman-rohrbiegen-1024x387-1.jpg","datePublished":"2026-01-28T15:07:04+00:00","dateModified":"2026-03-02T13:46:16+00:00","breadcrumb":{"@id":"https:\/\/thoman.clients.bluedom.ch\/product\/rohrbiegemaschine-fk50-cnc\/#breadcrumb"},"inLanguage":"ru-RU","potentialAction":[{"@type":"ReadAction","target":["https:\/\/thoman.clients.bluedom.ch\/product\/rohrbiegemaschine-fk50-cnc\/"]}]},{"@type":"ImageObject","inLanguage":"ru-RU","@id":"https:\/\/thoman.clients.bluedom.ch\/product\/rohrbiegemaschine-fk50-cnc\/#primaryimage","url":"https:\/\/thoman.clients.bluedom.ch\/wp-content\/uploads\/2025\/08\/rohrbiegemaschine-halbautomatisch-NC-thoman-rohrbiegen-1024x387-1.jpg","contentUrl":"https:\/\/thoman.clients.bluedom.ch\/wp-content\/uploads\/2025\/08\/rohrbiegemaschine-halbautomatisch-NC-thoman-rohrbiegen-1024x387-1.jpg","width":"1024","height":"387"},{"@type":"BreadcrumbList","@id":"https:\/\/thoman.clients.bluedom.ch\/product\/rohrbiegemaschine-fk50-cnc\/#breadcrumb","itemListElement":[{"@type":"ListItem","position":1,"name":"Home","item":"https:\/\/thoman.clients.bluedom.ch\/"},{"@type":"ListItem","position":2,"name":"Rohrbiegemaschine FK50-CNC"}]},{"@type":"WebSite","@id":"https:\/\/thoman.clients.bluedom.ch\/#website","url":"https:\/\/thoman.clients.bluedom.ch\/","name":"Thoman Biegemaschinen","description":"Ihr Partner f\u00fcr anspruchsvolle Biegeaufgaben","potentialAction":[{"@type":"SearchAction","target":{"@type":"EntryPoint","urlTemplate":"https:\/\/thoman.clients.bluedom.ch\/?s={search_term_string}"},"query-input":{"@type":"PropertyValueSpecification","valueRequired":true,"valueName":"search_term_string"}}],"inLanguage":"ru-RU"}]}},"_links":{"self":[{"href":"https:\/\/thoman.clients.bluedom.ch\/ru\/wp-json\/wp\/v2\/product\/1906","targetHints":{"allow":["GET"]}}],"collection":[{"href":"https:\/\/thoman.clients.bluedom.ch\/ru\/wp-json\/wp\/v2\/product"}],"about":[{"href":"https:\/\/thoman.clients.bluedom.ch\/ru\/wp-json\/wp\/v2\/types\/product"}],"wp:featuredmedia":[{"embeddable":true,"href":"https:\/\/thoman.clients.bluedom.ch\/ru\/wp-json\/wp\/v2\/media\/162"}],"wp:attachment":[{"href":"https:\/\/thoman.clients.bluedom.ch\/ru\/wp-json\/wp\/v2\/media?parent=1906"}],"wp:term":[{"taxonomy":"product-category","embeddable":true,"href":"https:\/\/thoman.clients.bluedom.ch\/ru\/wp-json\/wp\/v2\/product-category?post=1906"}],"curies":[{"name":"wp","href":"https:\/\/api.w.org\/{rel}","templated":true}]}}